{"id":33095,"date":"2025-06-14T14:12:08","date_gmt":"2025-06-14T14:12:08","guid":{"rendered":"https:\/\/neura-robotics.com\/impressum\/"},"modified":"2026-03-03T14:33:43","modified_gmt":"2026-03-03T14:33:43","slug":"impressum","status":"publish","type":"page","link":"https:\/\/neura-robotics.com\/de\/impressum\/","title":{"rendered":"Impressum"},"content":{"rendered":"\t\t<div data-elementor-type=\"wp-page\" data-elementor-id=\"33095\" class=\"elementor elementor-33095 elementor-4956\" data-elementor-post-type=\"page\">\n\t\t\t\t<div data-particle_enable=\"false\" data-particle-mobile-disabled=\"false\" class=\"elementor-element elementor-element-17bac50 e-flex e-con-boxed e-con e-parent\" data-id=\"17bac50\" data-element_type=\"container\" data-e-type=\"container\">\n\t\t\t\t\t<div class=\"e-con-inner\">\n\t\t\t\t<div class=\"elementor-element elementor-element-82bbae3 elementor-widget elementor-widget-text-editor\" data-id=\"82bbae3\" data-element_type=\"widget\" data-e-type=\"widget\" data-widget_type=\"text-editor.default\">\n\t\t\t\t<div class=\"elementor-widget-container\">\n\t\t\t\t\t\t\t\t\t<h3><strong>Impressum<\/strong><\/h3><p><strong><br \/>Anbieter und verantwortliche Stelle:<\/strong><\/p><p>Neura Robotics GmbH<\/p><p>Gutenbergstra\u00dfe 44<\/p><p>72555 Metzingen<\/p><p>Deutschland<\/p><p>\u00a0<\/p><p><strong>Vertreten durch:<\/strong><\/p><p>David Reger (Gesch\u00e4ftsf\u00fchrer)<\/p><p>\u00a0<\/p><p><strong>Kontaktinformationen:<\/strong><\/p><p>Telefon: +49 (0) 7123 879700<\/p><p>E-Mail: <a href=\"mailto:info@neura-robotics.com\">info@neura-robotics.com, <\/a>alternativ <a href=\"https:\/\/neura-robotics.com\/de\/kontaktiere-uns\/\">Kontaktformular<\/a><\/p><p>Internetadresse: <a href=\"https:\/\/www.neura-robotics.com\/\">www.neura-robotics.com<\/a><\/p><p>\u00a0<\/p><p><strong>Handelsregister:<\/strong><\/p><p>Handelsregisternummer: HRB 768826<\/p><p>Registergericht: Amtsgericht Stuttgart<\/p><p>\u00a0<\/p><p><strong>Umsatzsteuer-ID:<\/strong><\/p><p>DE323537749<\/p><p>\u00a0<\/p><p><strong>RECHTLICHE HINWEISE<\/strong><\/p><p>\u00a0<\/p><p><strong>Haftung f\u00fcr Inhalte<\/strong><\/p><p>Die Inhalte auf unseren Webseiten (einschlie\u00dflich, aber nicht beschr\u00e4nkt auf Texte, Bilder, Grafiken, Audio-, Video- und Animationsdateien) dienen ausschlie\u00dflich allgemeinen Informationszwecken und sind unverbindlich. Die Inhalte k\u00f6nnen von der tats\u00e4chlichen Gestaltung, Ausstattung oder Ausf\u00fchrung der jeweiligen Produkte abweichen. Teile der Inhalte k\u00f6nnen durch oder mit Unterst\u00fctzung von k\u00fcnstlicher Intelligenz (KI)-Technologien erstellt worden sein. Wir behalten uns zudem das Recht vor, die Inhalte auf unseren Webseiten jederzeit zu \u00e4ndern, zu erg\u00e4nzen, zu l\u00f6schen oder deren Ver\u00f6ffentlichung zeitweise oder endg\u00fcltig einzustellen.<\/p><p><strong>\u00a0<\/strong><\/p><p><strong>Haftung f\u00fcr Links<\/strong><\/p><p>Unsere Webseiten k\u00f6nnen Links zu externen Webseiten Dritter enthalten. Auf deren Inhalte haben wir keinen Einfluss und \u00fcbernehmen daher hierf\u00fcr keine Haftung. Zum Zeitpunkt der Verlinkung waren keine Rechtsverst\u00f6\u00dfe erkennbar. Eine permanente inhaltliche Kontrolle der verlinkten Seiten ist ohne konkrete Anhaltspunkte einer Rechtsverletzung nicht zumutbar. Bei Bekanntwerden von Rechtsverletzungen werden wir derartige Links umgehend entfernen.<\/p><p>\u00a0<\/p><p><strong>Copyright<\/strong><\/p><p>Alle Inhalte und Werke auf unseren Webseiten unterliegen dem Urheberrecht und ggf. weiteren Schutzrechten des geistigen Eigentums. Jede Art der Vervielf\u00e4ltigung, Verbreitung, Bearbeitung oder Nutzung, die \u00fcber die durch das Urheberrecht erlaubten Grenzen hinausgeht, bedarf der vorherigen schriftlichen Zustimmung des jeweiligen Rechteinhabers, sofern nicht ausdr\u00fccklich anders angegeben. Downloads und Kopien sind nur f\u00fcr den privaten, nicht-kommerziellen Gebrauch gestattet, sofern dies gesetzlich ausdr\u00fccklich erlaubt ist.<\/p>\t\t\t\t\t\t\t\t<\/div>\n\t\t\t\t<\/div>\n\t\t\t\t\t<\/div>\n\t\t\t\t<\/div>\n\t\t\t\t<\/div>\n\t\t","protected":false},"excerpt":{"rendered":"<p>Impressum Anbieter und verantwortliche Stelle: Neura Robotics GmbH Gutenbergstra\u00dfe 44 72555 Metzingen Deutschland \u00a0 Vertreten durch: David Reger (Gesch\u00e4ftsf\u00fchrer) \u00a0 [&hellip;]<\/p>\n","protected":false},"author":1,"featured_media":0,"parent":0,"menu_order":0,"comment_status":"closed","ping_status":"closed","template":"","meta":{"_acf_changed":false,"site-sidebar-layout":"no-sidebar","site-content-layout":"","ast-site-content-layout":"full-width-container","site-content-style":"default","site-sidebar-style":"default","ast-global-header-display":"","ast-banner-title-visibility":"","ast-main-header-display":"","ast-hfb-above-header-display":"","ast-hfb-below-header-display":"","ast-hfb-mobile-header-display":"","site-post-title":"disabled","ast-breadcrumbs-content":"","ast-featured-img":"disabled","footer-sml-layout":"","ast-disable-related-posts":"","theme-transparent-header-meta":"","adv-header-id-meta":"","stick-header-meta":"","header-above-stick-meta":"","header-main-stick-meta":"","header-below-stick-meta":"","astra-migrate-meta-layouts":"default","ast-page-background-enabled":"default","ast-page-background-meta":{"desktop":{"background-color":"var(--ast-global-color-5)","background-image":"","background-repeat":"repeat","background-position":"center center","background-size":"auto","background-attachment":"scroll","background-type":"","background-media":"","overlay-type":"","overlay-color":"","overlay-opacity":"","overlay-gradient":""},"tablet":{"background-color":"","background-image":"","background-repeat":"repeat","background-position":"center center","background-size":"auto","background-attachment":"scroll","background-type":"","background-media":"","overlay-type":"","overlay-color":"","overlay-opacity":"","overlay-gradient":""},"mobile":{"background-color":"","background-image":"","background-repeat":"repeat","background-position":"center center","background-size":"auto","background-attachment":"scroll","background-type":"","background-media":"","overlay-type":"","overlay-color":"","overlay-opacity":"","overlay-gradient":""}},"ast-content-background-meta":{"desktop":{"background-color":"var(--ast-global-color-4)","background-image":"","background-repeat":"repeat","background-position":"center center","background-size":"auto","background-attachment":"scroll","background-type":"","background-media":"","overlay-type":"","overlay-color":"","overlay-opacity":"","overlay-gradient":""},"tablet":{"background-color":"var(--ast-global-color-4)","background-image":"","background-repeat":"repeat","background-position":"center center","background-size":"auto","background-attachment":"scroll","background-type":"","background-media":"","overlay-type":"","overlay-color":"","overlay-opacity":"","overlay-gradient":""},"mobile":{"background-color":"var(--ast-global-color-4)","background-image":"","background-repeat":"repeat","background-position":"center center","background-size":"auto","background-attachment":"scroll","background-type":"","background-media":"","overlay-type":"","overlay-color":"","overlay-opacity":"","overlay-gradient":""}},"footnotes":""},"class_list":["post-33095","page","type-page","status-publish","hentry"],"acf":[],"yoast_head":"<!-- This site is optimized with the Yoast SEO plugin v27.1.1 - https:\/\/yoast.com\/product\/yoast-seo-wordpress\/ -->\n<title>Impressum | NEURA Robotics<\/title>\n<meta name=\"description\" content=\"Impressum von NEURA Robotics | Rechtliche Hinweise, Kontaktinformationen und unseren Haftungsausschluss auf einen Blick\" \/>\n<meta name=\"robots\" content=\"index, follow, max-snippet:-1, max-image-preview:large, max-video-preview:-1\" \/>\n<link rel=\"canonical\" href=\"https:\/\/neura-robotics.com\/de\/impressum\/\" \/>\n<meta property=\"og:locale\" content=\"de_DE\" \/>\n<meta property=\"og:type\" content=\"article\" \/>\n<meta property=\"og:title\" content=\"Impressum | NEURA Robotics\" \/>\n<meta property=\"og:description\" content=\"Impressum von NEURA Robotics | Rechtliche Hinweise, Kontaktinformationen und unseren Haftungsausschluss auf einen Blick\" \/>\n<meta property=\"og:url\" content=\"https:\/\/neura-robotics.com\/de\/impressum\/\" \/>\n<meta property=\"og:site_name\" content=\"Neura Robotics\" \/>\n<meta property=\"article:modified_time\" content=\"2026-03-03T14:33:43+00:00\" \/>\n<meta name=\"twitter:card\" content=\"summary_large_image\" \/>\n<meta name=\"twitter:label1\" content=\"Gesch\u00e4tzte Lesezeit\" \/>\n\t<meta name=\"twitter:data1\" content=\"2\u00a0Minuten\" \/>\n<script type=\"application\/ld+json\" class=\"yoast-schema-graph\">{\"@context\":\"https:\/\/schema.org\",\"@graph\":[{\"@type\":\"WebPage\",\"@id\":\"https:\/\/neura-robotics.com\/de\/impressum\/\",\"url\":\"https:\/\/neura-robotics.com\/de\/impressum\/\",\"name\":\"Impressum | NEURA Robotics\",\"isPartOf\":{\"@id\":\"https:\/\/neura-robotics.com\/de\/#website\"},\"datePublished\":\"2025-06-14T14:12:08+00:00\",\"dateModified\":\"2026-03-03T14:33:43+00:00\",\"description\":\"Impressum von NEURA Robotics | Rechtliche Hinweise, Kontaktinformationen und unseren Haftungsausschluss auf einen Blick\",\"breadcrumb\":{\"@id\":\"https:\/\/neura-robotics.com\/de\/impressum\/#breadcrumb\"},\"inLanguage\":\"de\",\"potentialAction\":[{\"@type\":\"ReadAction\",\"target\":[\"https:\/\/neura-robotics.com\/de\/impressum\/\"]}]},{\"@type\":\"BreadcrumbList\",\"@id\":\"https:\/\/neura-robotics.com\/de\/impressum\/#breadcrumb\",\"itemListElement\":[{\"@type\":\"ListItem\",\"position\":1,\"name\":\"Home\",\"item\":\"https:\/\/neura-robotics.com\/de\/\"},{\"@type\":\"ListItem\",\"position\":2,\"name\":\"Impressum\"}]},{\"@type\":\"WebSite\",\"@id\":\"https:\/\/neura-robotics.com\/de\/#website\",\"url\":\"https:\/\/neura-robotics.com\/de\/\",\"name\":\"Neura Robotics\",\"description\":\"\",\"publisher\":{\"@id\":\"https:\/\/neura-robotics.com\/de\/#organization\"},\"potentialAction\":[{\"@type\":\"SearchAction\",\"target\":{\"@type\":\"EntryPoint\",\"urlTemplate\":\"https:\/\/neura-robotics.com\/de\/?s={search_term_string}\"},\"query-input\":{\"@type\":\"PropertyValueSpecification\",\"valueRequired\":true,\"valueName\":\"search_term_string\"}}],\"inLanguage\":\"de\"},{\"@type\":\"Organization\",\"@id\":\"https:\/\/neura-robotics.com\/de\/#organization\",\"name\":\"Neura Robotics\",\"url\":\"https:\/\/neura-robotics.com\/de\/\",\"logo\":{\"@type\":\"ImageObject\",\"inLanguage\":\"de\",\"@id\":\"https:\/\/neura-robotics.com\/de\/#\/schema\/logo\/image\/\",\"url\":\"https:\/\/neura-robotics.com\/wp-content\/uploads\/2025\/05\/neura_logo_white.svg\",\"contentUrl\":\"https:\/\/neura-robotics.com\/wp-content\/uploads\/2025\/05\/neura_logo_white.svg\",\"width\":184,\"height\":22,\"caption\":\"Neura Robotics\"},\"image\":{\"@id\":\"https:\/\/neura-robotics.com\/de\/#\/schema\/logo\/image\/\"}}]}<\/script>\n<!-- \/ Yoast SEO plugin. -->","yoast_head_json":{"title":"Impressum | NEURA Robotics","description":"Impressum von NEURA Robotics | Rechtliche Hinweise, Kontaktinformationen und unseren Haftungsausschluss auf einen Blick","robots":{"index":"index","follow":"follow","max-snippet":"max-snippet:-1","max-image-preview":"max-image-preview:large","max-video-preview":"max-video-preview:-1"},"canonical":"https:\/\/neura-robotics.com\/de\/impressum\/","og_locale":"de_DE","og_type":"article","og_title":"Impressum | NEURA Robotics","og_description":"Impressum von NEURA Robotics | Rechtliche Hinweise, Kontaktinformationen und unseren Haftungsausschluss auf einen Blick","og_url":"https:\/\/neura-robotics.com\/de\/impressum\/","og_site_name":"Neura Robotics","article_modified_time":"2026-03-03T14:33:43+00:00","twitter_card":"summary_large_image","twitter_misc":{"Gesch\u00e4tzte Lesezeit":"2\u00a0Minuten"},"schema":{"@context":"https:\/\/schema.org","@graph":[{"@type":"WebPage","@id":"https:\/\/neura-robotics.com\/de\/impressum\/","url":"https:\/\/neura-robotics.com\/de\/impressum\/","name":"Impressum | NEURA Robotics","isPartOf":{"@id":"https:\/\/neura-robotics.com\/de\/#website"},"datePublished":"2025-06-14T14:12:08+00:00","dateModified":"2026-03-03T14:33:43+00:00","description":"Impressum von NEURA Robotics | Rechtliche Hinweise, Kontaktinformationen und unseren Haftungsausschluss auf einen Blick","breadcrumb":{"@id":"https:\/\/neura-robotics.com\/de\/impressum\/#breadcrumb"},"inLanguage":"de","potentialAction":[{"@type":"ReadAction","target":["https:\/\/neura-robotics.com\/de\/impressum\/"]}]},{"@type":"BreadcrumbList","@id":"https:\/\/neura-robotics.com\/de\/impressum\/#breadcrumb","itemListElement":[{"@type":"ListItem","position":1,"name":"Home","item":"https:\/\/neura-robotics.com\/de\/"},{"@type":"ListItem","position":2,"name":"Impressum"}]},{"@type":"WebSite","@id":"https:\/\/neura-robotics.com\/de\/#website","url":"https:\/\/neura-robotics.com\/de\/","name":"Neura Robotics","description":"","publisher":{"@id":"https:\/\/neura-robotics.com\/de\/#organization"},"potentialAction":[{"@type":"SearchAction","target":{"@type":"EntryPoint","urlTemplate":"https:\/\/neura-robotics.com\/de\/?s={search_term_string}"},"query-input":{"@type":"PropertyValueSpecification","valueRequired":true,"valueName":"search_term_string"}}],"inLanguage":"de"},{"@type":"Organization","@id":"https:\/\/neura-robotics.com\/de\/#organization","name":"Neura Robotics","url":"https:\/\/neura-robotics.com\/de\/","logo":{"@type":"ImageObject","inLanguage":"de","@id":"https:\/\/neura-robotics.com\/de\/#\/schema\/logo\/image\/","url":"https:\/\/neura-robotics.com\/wp-content\/uploads\/2025\/05\/neura_logo_white.svg","contentUrl":"https:\/\/neura-robotics.com\/wp-content\/uploads\/2025\/05\/neura_logo_white.svg","width":184,"height":22,"caption":"Neura Robotics"},"image":{"@id":"https:\/\/neura-robotics.com\/de\/#\/schema\/logo\/image\/"}}]}},"_links":{"self":[{"href":"https:\/\/neura-robotics.com\/de\/wp-json\/wp\/v2\/pages\/33095","targetHints":{"allow":["GET"]}}],"collection":[{"href":"https:\/\/neura-robotics.com\/de\/wp-json\/wp\/v2\/pages"}],"about":[{"href":"https:\/\/neura-robotics.com\/de\/wp-json\/wp\/v2\/types\/page"}],"author":[{"embeddable":true,"href":"https:\/\/neura-robotics.com\/de\/wp-json\/wp\/v2\/users\/1"}],"replies":[{"embeddable":true,"href":"https:\/\/neura-robotics.com\/de\/wp-json\/wp\/v2\/comments?post=33095"}],"version-history":[{"count":19,"href":"https:\/\/neura-robotics.com\/de\/wp-json\/wp\/v2\/pages\/33095\/revisions"}],"predecessor-version":[{"id":37940,"href":"https:\/\/neura-robotics.com\/de\/wp-json\/wp\/v2\/pages\/33095\/revisions\/37940"}],"wp:attachment":[{"href":"https:\/\/neura-robotics.com\/de\/wp-json\/wp\/v2\/media?parent=33095"}],"curies":[{"name":"wp","href":"https:\/\/api.w.org\/{rel}","templated":true}]}}