{"id":37864,"date":"2026-01-29T16:16:40","date_gmt":"2026-01-29T16:16:40","guid":{"rendered":"https:\/\/neura-robotics.com\/allgemeine-geschaeftsbedingungen\/"},"modified":"2026-03-03T14:21:15","modified_gmt":"2026-03-03T14:21:15","slug":"agb","status":"publish","type":"page","link":"https:\/\/neura-robotics.com\/de\/agb\/","title":{"rendered":"AGB"},"content":{"rendered":"\t\t<div data-elementor-type=\"wp-page\" data-elementor-id=\"37864\" class=\"elementor elementor-37864 elementor-36761\" data-elementor-post-type=\"page\">\n\t\t\t\t<div data-particle_enable=\"false\" data-particle-mobile-disabled=\"false\" class=\"elementor-element elementor-element-d9a460c e-flex e-con-boxed e-con e-parent\" data-id=\"d9a460c\" data-element_type=\"container\" data-e-type=\"container\">\n\t\t\t\t\t<div class=\"e-con-inner\">\n\t\t\t\t<div class=\"elementor-element elementor-element-69cecff elementor-widget elementor-widget-heading\" data-id=\"69cecff\" data-element_type=\"widget\" data-e-type=\"widget\" data-widget_type=\"heading.default\">\n\t\t\t\t<div class=\"elementor-widget-container\">\n\t\t\t\t\t<h2 class=\"elementor-heading-title elementor-size-default\">Allgemeine Gesch\u00e4ftsbedingungen<\/h2>\t\t\t\t<\/div>\n\t\t\t\t<\/div>\n\t\t\t\t<div class=\"elementor-element elementor-element-336626c elementor-widget elementor-widget-text-editor\" data-id=\"336626c\" data-element_type=\"widget\" data-e-type=\"widget\" data-widget_type=\"text-editor.default\">\n\t\t\t\t<div class=\"elementor-widget-container\">\n\t\t\t\t\t\t\t\t\t<p>Herzlich willkommen auf der Seite mit den Allgemeinen Gesch\u00e4ftsbedingungen (AGB) der NEURA Robotics GmbH. Hier finden Sie die Vertragsbedingungen, die f\u00fcr unsere Gesch\u00e4ftsbeziehungen gelten. Diese betreffen insbesondere Angebote, Bestellungen, Lieferungen und sonstige Leistungen. Wir bitten Sie, die AGB sorgf\u00e4ltig zu lesen, da sie mit Vertragsschluss bzw. Beauftragung in ihrer jeweils aktuellen Fassung gelten  <\/p>\t\t\t\t\t\t\t\t<\/div>\n\t\t\t\t<\/div>\n\t\t\t\t<div class=\"elementor-element elementor-element-af6b8ff elementor-widget elementor-widget-text-editor\" data-id=\"af6b8ff\" data-element_type=\"widget\" data-e-type=\"widget\" data-widget_type=\"text-editor.default\">\n\t\t\t\t<div class=\"elementor-widget-container\">\n\t\t\t\t\t\t\t\t\t<p><strong>Allgemeine Lieferbedingungen:<\/strong><br \/><a href=\"https:\/\/neurarobotics.px.media\/plk\/NEURA_Partner_Terms_and_Conditions_English.pdf\">Global (English)<\/a><br \/><a href=\"https:\/\/neurarobotics.px.media\/plk\/NEURA_Partner_Terms_and_Conditions_German.pdf\">Global (German)<\/a><\/p><p>\u00a0<strong>Allgemeine Einkaufsbedingungen:<\/strong><br \/><a href=\"https:\/\/neurarobotics.px.media\/plk\/R5\/Terms%20and%20Conditions%20or%20Purchase%20v.%20012025.pdf\">Global (German &amp; English)<\/a><\/p><p>\u00a0<strong>Versand- und Verpackungshinweise:<\/strong><br \/><a href=\"https:\/\/neurarobotics.px.media\/plk\/m8\/NEURA_Shipping_Packaging_Instructions_032025.pdf\">Global (German &amp; English)<\/a><\/p><p><strong>Zus\u00e4tzliche Hinweise f\u00fcr den \u00dcberseetransport:<\/strong><br \/><a href=\"https:\/\/neurarobotics.px.media\/plk\/fB\/Supplementary%20instructions%20for%20overseas%20transportation.pdf\">Global (German &amp; English)<\/a><\/p><p><strong>Komponentenkennzeichnungsstandard f\u00fcr Leiterplatten, Kabel und mechanische Teile:<\/strong><br \/><a href=\"https:\/\/neurarobotics.px.media\/plk\/dV\/ComponentMarkingRegulations.pdf\">Global (German &amp; English)<\/a><\/p>\t\t\t\t\t\t\t\t<\/div>\n\t\t\t\t<\/div>\n\t\t\t\t\t<\/div>\n\t\t\t\t<\/div>\n\t\t\t\t<\/div>\n\t\t","protected":false},"excerpt":{"rendered":"<p>Allgemeine Gesch\u00e4ftsbedingungen Herzlich willkommen auf der Seite mit den Allgemeinen Gesch\u00e4ftsbedingungen (AGB) der NEURA Robotics GmbH. Hier finden Sie die [&hellip;]<\/p>\n","protected":false},"author":1,"featured_media":0,"parent":0,"menu_order":0,"comment_status":"closed","ping_status":"closed","template":"","meta":{"_acf_changed":false,"site-sidebar-layout":"no-sidebar","site-content-layout":"","ast-site-content-layout":"full-width-container","site-content-style":"default","site-sidebar-style":"default","ast-global-header-display":"","ast-banner-title-visibility":"","ast-main-header-display":"","ast-hfb-above-header-display":"","ast-hfb-below-header-display":"","ast-hfb-mobile-header-display":"","site-post-title":"","ast-breadcrumbs-content":"","ast-featured-img":"disabled","footer-sml-layout":"","ast-disable-related-posts":"","theme-transparent-header-meta":"","adv-header-id-meta":"","stick-header-meta":"","header-above-stick-meta":"","header-main-stick-meta":"","header-below-stick-meta":"","astra-migrate-meta-layouts":"default","ast-page-background-enabled":"default","ast-page-background-meta":{"desktop":{"background-color":"var(--ast-global-color-5)","background-image":"","background-repeat":"repeat","background-position":"center center","background-size":"auto","background-attachment":"scroll","background-type":"","background-media":"","overlay-type":"","overlay-color":"","overlay-opacity":"","overlay-gradient":""},"tablet":{"background-color":"","background-image":"","background-repeat":"repeat","background-position":"center center","background-size":"auto","background-attachment":"scroll","background-type":"","background-media":"","overlay-type":"","overlay-color":"","overlay-opacity":"","overlay-gradient":""},"mobile":{"background-color":"","background-image":"","background-repeat":"repeat","background-position":"center center","background-size":"auto","background-attachment":"scroll","background-type":"","background-media":"","overlay-type":"","overlay-color":"","overlay-opacity":"","overlay-gradient":""}},"ast-content-background-meta":{"desktop":{"background-color":"var(--ast-global-color-4)","background-image":"","background-repeat":"repeat","background-position":"center center","background-size":"auto","background-attachment":"scroll","background-type":"","background-media":"","overlay-type":"","overlay-color":"","overlay-opacity":"","overlay-gradient":""},"tablet":{"background-color":"var(--ast-global-color-4)","background-image":"","background-repeat":"repeat","background-position":"center center","background-size":"auto","background-attachment":"scroll","background-type":"","background-media":"","overlay-type":"","overlay-color":"","overlay-opacity":"","overlay-gradient":""},"mobile":{"background-color":"var(--ast-global-color-4)","background-image":"","background-repeat":"repeat","background-position":"center center","background-size":"auto","background-attachment":"scroll","background-type":"","background-media":"","overlay-type":"","overlay-color":"","overlay-opacity":"","overlay-gradient":""}},"footnotes":""},"class_list":["post-37864","page","type-page","status-publish","hentry"],"acf":[],"yoast_head":"<!-- This site is optimized with the Yoast SEO plugin v27.1.1 - https:\/\/yoast.com\/product\/yoast-seo-wordpress\/ -->\n<title>AGB | NEURA Robotics<\/title>\n<meta name=\"description\" content=\"Allgemeine Gesch\u00e4ftsbedingungen (AGB) f\u00fcr Gesch\u00e4ftsbeziehungen mit NEURA Robotics, inkl. Vertragsschluss, Lieferung, Gew\u00e4hrleistung und Haftung.\" \/>\n<meta name=\"robots\" content=\"noindex, nofollow\" \/>\n<meta property=\"og:locale\" content=\"de_DE\" \/>\n<meta property=\"og:type\" content=\"article\" \/>\n<meta property=\"og:title\" content=\"AGB | NEURA Robotics\" \/>\n<meta property=\"og:description\" content=\"Allgemeine Gesch\u00e4ftsbedingungen (AGB) f\u00fcr Gesch\u00e4ftsbeziehungen mit NEURA Robotics, inkl. Vertragsschluss, Lieferung, Gew\u00e4hrleistung und Haftung.\" \/>\n<meta property=\"og:url\" content=\"https:\/\/neura-robotics.com\/de\/agb\/\" \/>\n<meta property=\"og:site_name\" content=\"Neura Robotics\" \/>\n<meta property=\"article:modified_time\" content=\"2026-03-03T14:21:15+00:00\" \/>\n<meta name=\"twitter:card\" content=\"summary_large_image\" \/>\n<meta name=\"twitter:label1\" content=\"Gesch\u00e4tzte Lesezeit\" \/>\n\t<meta name=\"twitter:data1\" content=\"1\u00a0Minute\" \/>\n<script type=\"application\/ld+json\" class=\"yoast-schema-graph\">{\"@context\":\"https:\/\/schema.org\",\"@graph\":[{\"@type\":\"WebPage\",\"@id\":\"https:\/\/neura-robotics.com\/de\/agb\/\",\"url\":\"https:\/\/neura-robotics.com\/de\/agb\/\",\"name\":\"AGB | NEURA Robotics\",\"isPartOf\":{\"@id\":\"https:\/\/neura-robotics.com\/de\/#website\"},\"datePublished\":\"2026-01-29T16:16:40+00:00\",\"dateModified\":\"2026-03-03T14:21:15+00:00\",\"description\":\"Allgemeine Gesch\u00e4ftsbedingungen (AGB) f\u00fcr Gesch\u00e4ftsbeziehungen mit NEURA Robotics, inkl. Vertragsschluss, Lieferung, Gew\u00e4hrleistung und Haftung.\",\"breadcrumb\":{\"@id\":\"https:\/\/neura-robotics.com\/de\/agb\/#breadcrumb\"},\"inLanguage\":\"de\",\"potentialAction\":[{\"@type\":\"ReadAction\",\"target\":[\"https:\/\/neura-robotics.com\/de\/agb\/\"]}]},{\"@type\":\"BreadcrumbList\",\"@id\":\"https:\/\/neura-robotics.com\/de\/agb\/#breadcrumb\",\"itemListElement\":[{\"@type\":\"ListItem\",\"position\":1,\"name\":\"Home\",\"item\":\"https:\/\/neura-robotics.com\/de\/\"},{\"@type\":\"ListItem\",\"position\":2,\"name\":\"AGB\"}]},{\"@type\":\"WebSite\",\"@id\":\"https:\/\/neura-robotics.com\/de\/#website\",\"url\":\"https:\/\/neura-robotics.com\/de\/\",\"name\":\"Neura Robotics\",\"description\":\"\",\"publisher\":{\"@id\":\"https:\/\/neura-robotics.com\/de\/#organization\"},\"potentialAction\":[{\"@type\":\"SearchAction\",\"target\":{\"@type\":\"EntryPoint\",\"urlTemplate\":\"https:\/\/neura-robotics.com\/de\/?s={search_term_string}\"},\"query-input\":{\"@type\":\"PropertyValueSpecification\",\"valueRequired\":true,\"valueName\":\"search_term_string\"}}],\"inLanguage\":\"de\"},{\"@type\":\"Organization\",\"@id\":\"https:\/\/neura-robotics.com\/de\/#organization\",\"name\":\"Neura Robotics\",\"url\":\"https:\/\/neura-robotics.com\/de\/\",\"logo\":{\"@type\":\"ImageObject\",\"inLanguage\":\"de\",\"@id\":\"https:\/\/neura-robotics.com\/de\/#\/schema\/logo\/image\/\",\"url\":\"https:\/\/neura-robotics.com\/wp-content\/uploads\/2025\/05\/neura_logo_white.svg\",\"contentUrl\":\"https:\/\/neura-robotics.com\/wp-content\/uploads\/2025\/05\/neura_logo_white.svg\",\"width\":184,\"height\":22,\"caption\":\"Neura Robotics\"},\"image\":{\"@id\":\"https:\/\/neura-robotics.com\/de\/#\/schema\/logo\/image\/\"}}]}<\/script>\n<!-- \/ Yoast SEO plugin. -->","yoast_head_json":{"title":"AGB | NEURA Robotics","description":"Allgemeine Gesch\u00e4ftsbedingungen (AGB) f\u00fcr Gesch\u00e4ftsbeziehungen mit NEURA Robotics, inkl. Vertragsschluss, Lieferung, Gew\u00e4hrleistung und Haftung.","robots":{"index":"noindex","follow":"nofollow"},"og_locale":"de_DE","og_type":"article","og_title":"AGB | NEURA Robotics","og_description":"Allgemeine Gesch\u00e4ftsbedingungen (AGB) f\u00fcr Gesch\u00e4ftsbeziehungen mit NEURA Robotics, inkl. Vertragsschluss, Lieferung, Gew\u00e4hrleistung und Haftung.","og_url":"https:\/\/neura-robotics.com\/de\/agb\/","og_site_name":"Neura Robotics","article_modified_time":"2026-03-03T14:21:15+00:00","twitter_card":"summary_large_image","twitter_misc":{"Gesch\u00e4tzte Lesezeit":"1\u00a0Minute"},"schema":{"@context":"https:\/\/schema.org","@graph":[{"@type":"WebPage","@id":"https:\/\/neura-robotics.com\/de\/agb\/","url":"https:\/\/neura-robotics.com\/de\/agb\/","name":"AGB | NEURA Robotics","isPartOf":{"@id":"https:\/\/neura-robotics.com\/de\/#website"},"datePublished":"2026-01-29T16:16:40+00:00","dateModified":"2026-03-03T14:21:15+00:00","description":"Allgemeine Gesch\u00e4ftsbedingungen (AGB) f\u00fcr Gesch\u00e4ftsbeziehungen mit NEURA Robotics, inkl. Vertragsschluss, Lieferung, Gew\u00e4hrleistung und Haftung.","breadcrumb":{"@id":"https:\/\/neura-robotics.com\/de\/agb\/#breadcrumb"},"inLanguage":"de","potentialAction":[{"@type":"ReadAction","target":["https:\/\/neura-robotics.com\/de\/agb\/"]}]},{"@type":"BreadcrumbList","@id":"https:\/\/neura-robotics.com\/de\/agb\/#breadcrumb","itemListElement":[{"@type":"ListItem","position":1,"name":"Home","item":"https:\/\/neura-robotics.com\/de\/"},{"@type":"ListItem","position":2,"name":"AGB"}]},{"@type":"WebSite","@id":"https:\/\/neura-robotics.com\/de\/#website","url":"https:\/\/neura-robotics.com\/de\/","name":"Neura Robotics","description":"","publisher":{"@id":"https:\/\/neura-robotics.com\/de\/#organization"},"potentialAction":[{"@type":"SearchAction","target":{"@type":"EntryPoint","urlTemplate":"https:\/\/neura-robotics.com\/de\/?s={search_term_string}"},"query-input":{"@type":"PropertyValueSpecification","valueRequired":true,"valueName":"search_term_string"}}],"inLanguage":"de"},{"@type":"Organization","@id":"https:\/\/neura-robotics.com\/de\/#organization","name":"Neura Robotics","url":"https:\/\/neura-robotics.com\/de\/","logo":{"@type":"ImageObject","inLanguage":"de","@id":"https:\/\/neura-robotics.com\/de\/#\/schema\/logo\/image\/","url":"https:\/\/neura-robotics.com\/wp-content\/uploads\/2025\/05\/neura_logo_white.svg","contentUrl":"https:\/\/neura-robotics.com\/wp-content\/uploads\/2025\/05\/neura_logo_white.svg","width":184,"height":22,"caption":"Neura Robotics"},"image":{"@id":"https:\/\/neura-robotics.com\/de\/#\/schema\/logo\/image\/"}}]}},"_links":{"self":[{"href":"https:\/\/neura-robotics.com\/de\/wp-json\/wp\/v2\/pages\/37864","targetHints":{"allow":["GET"]}}],"collection":[{"href":"https:\/\/neura-robotics.com\/de\/wp-json\/wp\/v2\/pages"}],"about":[{"href":"https:\/\/neura-robotics.com\/de\/wp-json\/wp\/v2\/types\/page"}],"author":[{"embeddable":true,"href":"https:\/\/neura-robotics.com\/de\/wp-json\/wp\/v2\/users\/1"}],"replies":[{"embeddable":true,"href":"https:\/\/neura-robotics.com\/de\/wp-json\/wp\/v2\/comments?post=37864"}],"version-history":[{"count":8,"href":"https:\/\/neura-robotics.com\/de\/wp-json\/wp\/v2\/pages\/37864\/revisions"}],"predecessor-version":[{"id":37922,"href":"https:\/\/neura-robotics.com\/de\/wp-json\/wp\/v2\/pages\/37864\/revisions\/37922"}],"wp:attachment":[{"href":"https:\/\/neura-robotics.com\/de\/wp-json\/wp\/v2\/media?parent=37864"}],"curies":[{"name":"wp","href":"https:\/\/api.w.org\/{rel}","templated":true}]}}